{"id":1111,"date":"2012-02-12T13:23:57","date_gmt":"2012-02-12T13:23:57","guid":{"rendered":"http:\/\/themes.truethemes.net\/Sterling\/?page_id=1111"},"modified":"2019-08-14T18:41:15","modified_gmt":"2019-08-14T18:41:15","slug":"homepage-jquery-sample-2","status":"publish","type":"page","link":"https:\/\/hafran.com\/portal2\/","title":{"rendered":"Principal  &#8211; Home"},"content":{"rendered":"<div class=\"one_third\"><div class=\"img-frame full-third-short\"><a href=\"http:\/\/google.com\/a\/hafran.com\" target=\"_blank\"><img src='https:\/\/hafran.com\/portal2\/wp-content\/themes\/hafran\/framework\/extended\/timthumb\/timthumb.php?src=http:\/\/hafran.com\/imagenes\/correo_def.jpg&amp;h=124&amp;w=280' alt='Correo HAFRAN C.A' width='280' height='124'\/><\/a><\/div>\n<h5>Correo Electronico Corporativo<\/h5>\n<p style=\"text-align: justify;\">El correo electr\u00f3nico es para la gran mayor\u00eda de las empresas una herramienta b\u00e1sica, de la que depende en gran medida la productividad de cada empleado en nuestra empresa. Revisa tu correo electr\u00f3nico corporativo @hafran.com de la manera mas f\u00e1cil. Configura tu tel\u00e9fono inteligente y recibe tus correos de forma instant\u00e1nea.<\/p>\n<\/div><div class=\"one_third\"><div class=\"img-frame full-third-short\"><img src='https:\/\/hafran.com\/portal2\/wp-content\/themes\/hafran\/framework\/extended\/timthumb\/timthumb.php?src=http:\/\/hafran.com\/imagenes\/equipos_mini.jpg&amp;h=124&amp;w=280' alt='Equipos HAFRAN SERVICIOS MULTIPLES, C.A' width='280' height='124'\/><\/div>\n<h5>Tenemos los mejores equipos<\/h5>\n<p style=\"text-align: justify;\">Para satisfacer las rigurosas exigencias de nuestros clientes, implementamos estrictos controles de mantenimiento de equipos permitiendo de esta forma responderles en forma r\u00e1pida y cabal, ademas contamos con los mejores equipos para realizar con eficiencia y\u00a0af\u00e1n\u00a0todas nuestros proyectos.<\/p>\n<\/div><div class=\"one_third\"><div class=\"img-frame full-third-short\"><img src='https:\/\/hafran.com\/portal2\/wp-content\/themes\/hafran\/framework\/extended\/timthumb\/timthumb.php?src=https:\/\/hafran.com\/portal2\/wp-content\/uploads\/2013\/04\/equipos_mini.jpg&amp;h=124&amp;w=280' alt='31 a\u00f1os Hafran' width='280' height='124'\/><\/div>\n<h5>31 a\u00f1os de Liderazgo Empresarial en Venezuela.<\/h5>\n<p style=\"text-align: justify;\">HAFRAN Servicios Multiples, C.A desde 1988 siendo la empresa\u00a0l\u00edder\u00a0de Servicios M\u00faltiples en Venezuela, \u00a0siempre innovando y creciendo con eficiencia y\u00a0af\u00e1n.<\/p>\n<\/div><div class=\"hr hr-dotted\">&nbsp;<\/div>\n<section id=\"home-marketing-blogposts\"><span class=\"section_title\">Noticias<\/span><div class=\"article_preview\">\n<strong><a href=\"https:\/\/hafran.com\/portal2\/?p=2133&lang=en\">Amuay Refinery will modernize chimneys of the Paraguan\u00e1 Refining Center<\/a><\/strong><p>\nThe Amuay Refinery begins a new stage in the process of modernization and strengthening of the operations of the Paragu...<\/p><\/div>\n<div class=\"article_preview\">\n<strong><a href=\"https:\/\/hafran.com\/portal2\/?p=1963\">Refiner\u00eda Amuay modernizar\u00e1 chimeneas del Centro de Refinaci\u00f3n Paraguan\u00e1<\/a><\/strong><p>\r\nLa Refiner\u00eda Amuay inicia una nueva etapa\u00a0dentro del proceso de modernizaci\u00f3n y fortalecimiento de las operaciones...<\/p><\/div>\n<div class=\"article_preview\">\n<strong><a href=\"https:\/\/hafran.com\/portal2\/?p=2158&lang=en\">Dear Partners and Friends<\/a><\/strong><p>\r\n\r\n\r\n\r\n\r\n\r\n\r\nOne of the thoughts that have marked me and has left traces in my whole life, is to think how to get out o...<\/p><\/div>\n<\/section><aside id=\"home-marketing-testimonials\"><span class=\"section_title\">Frases Motivadoras<\/span><div class=\"testimonials\"><div class=\"testimonial\"><blockquote>\"La importancia de nuestra empresa se debe a la calidad de trabajadores que realizan su trabajo impecablemente.\"<\/blockquote><strong class=\"client_identity\">Frase1<\/strong><\/div><div class=\"testimonial\"><blockquote>\"Donde hay una empresa de \u00e9xito alguien tom\u00f3 alguna vez una decisi\u00f3n valiente.\"<\/blockquote><strong class=\"client_identity\">Frase2<\/strong><\/div><div class=\"testimonial\"><blockquote>\"El secreto para progresar es empezar por alg\u00fan lugar. El secreto para empezar por alg\u00fan lugar es fragmentar tus complejas y abrumadoras tareas de tal manera que queden convertidas en peque\u00f1as tareas que puedas realizar y entonces simplemente comenzar por la primera.\"<strong>\u00a0<\/strong><\/blockquote><strong class=\"client_identity\">Frase3<\/strong><\/div><div class=\"testimonial\"><blockquote>\"Nuestra recompensa se encuentra en el esfuerzo.\u00a0 Un esfuerzo total es una victoria completa.\"<\/blockquote><strong class=\"client_identity\">Frase4<\/strong><\/div><div class=\"testimonial\"><blockquote>\"Desistir es el camino y estrategia m\u00e1s f\u00e1cil para los d\u00e9biles. Pero insistir con constancia, eficiencia y af\u00e1n, es la \u00fanica alternativa\u00a0estrat\u00e9gica\u00a0que tenemos para triunfar.\"<\/blockquote><strong class=\"client_identity\">Frase4<\/strong><\/div><\/div><\/aside><h2><\/h2>\n","protected":false},"excerpt":{"rendered":"","protected":false},"author":1,"featured_media":0,"parent":0,"menu_order":0,"comment_status":"closed","ping_status":"closed","template":"page-template-home-jquery.php","meta":[],"_links":{"self":[{"href":"https:\/\/hafran.com\/portal2\/index.php?rest_route=\/wp\/v2\/pages\/1111"}],"collection":[{"href":"https:\/\/hafran.com\/portal2\/index.php?rest_route=\/wp\/v2\/pages"}],"about":[{"href":"https:\/\/hafran.com\/portal2\/index.php?rest_route=\/wp\/v2\/types\/page"}],"author":[{"embeddable":true,"href":"https:\/\/hafran.com\/portal2\/index.php?rest_route=\/wp\/v2\/users\/1"}],"replies":[{"embeddable":true,"href":"https:\/\/hafran.com\/portal2\/index.php?rest_route=%2Fwp%2Fv2%2Fcomments&post=1111"}],"version-history":[{"count":99,"href":"https:\/\/hafran.com\/portal2\/index.php?rest_route=\/wp\/v2\/pages\/1111\/revisions"}],"predecessor-version":[{"id":2155,"href":"https:\/\/hafran.com\/portal2\/index.php?rest_route=\/wp\/v2\/pages\/1111\/revisions\/2155"}],"wp:attachment":[{"href":"https:\/\/hafran.com\/portal2\/index.php?rest_route=%2Fwp%2Fv2%2Fmedia&parent=1111"}],"curies":[{"name":"wp","href":"https:\/\/api.w.org\/{rel}","templated":true}]}}