{"id":1173,"date":"2013-04-07T00:04:20","date_gmt":"2013-04-07T00:04:20","guid":{"rendered":"http:\/\/hafran.com\/portal2\/?page_id=1173"},"modified":"2013-04-19T21:27:38","modified_gmt":"2013-04-19T21:27:38","slug":"resena-historica","status":"publish","type":"page","link":"https:\/\/hafran.com\/portal2\/?page_id=1173","title":{"rendered":"Rese\u00f1a Historica"},"content":{"rendered":"<p style=\"text-align: center;\"><img decoding=\"async\" loading=\"lazy\" class=\"size-full wp-image-1182 aligncenter\" alt=\"resena_button\" src=\"http:\/\/hafran.com\/portal2\/wp-content\/uploads\/2013\/04\/resena_button.jpg\" width=\"1083\" height=\"74\" srcset=\"https:\/\/hafran.com\/portal2\/wp-content\/uploads\/2013\/04\/resena_button.jpg 1083w, https:\/\/hafran.com\/portal2\/wp-content\/uploads\/2013\/04\/resena_button-300x20.jpg 300w, https:\/\/hafran.com\/portal2\/wp-content\/uploads\/2013\/04\/resena_button-1024x69.jpg 1024w\" sizes=\"(max-width: 1083px) 100vw, 1083px\" \/><\/p>\n<h4><span class=\"fontplugin_fontid_1085_SonySketchBold205\" id=\"inserted8540\"><span class=\"fontplugin_fontid_424_SansationRegular\" id=\"inserted9718\"><span style=\"color: #000000; font-size: 1em;\"><img decoding=\"async\" loading=\"lazy\" class=\"wp-image-1184 alignleft\" alt=\"personal\" src=\"http:\/\/hafran.com\/portal2\/wp-content\/uploads\/2012\/02\/personal1.jpg\" width=\"400\" height=\"245\" srcset=\"https:\/\/hafran.com\/portal2\/wp-content\/uploads\/2012\/02\/personal1.jpg 445w, https:\/\/hafran.com\/portal2\/wp-content\/uploads\/2012\/02\/personal1-300x184.jpg 300w\" sizes=\"(max-width: 400px) 100vw, 400px\" \/><\/span><\/span><\/span><\/h4>\n<p style=\"text-align: justify;\"><strong>HAFRAN Servicios M\u00faltiples \u00a0C.A Fundada en el estado Falc\u00f3n el 15 de Marzo de 1.988, es una empresa que nace orientado a su desempe\u00f1o a la ejecuci\u00f3n de obras en pro de la operaci\u00f3n y seguridad de los procesos industriales del cliente. En los a\u00f1os siguientes, con nuestra r\u00e1pida respuesta a la necesidades de la industria y nuestra gran dedicaci\u00f3n al cliente, hemos alcanzado los objetivos que dieron pie a su creaci\u00f3n, formando paso a paso la experiencia que ha rendido excelentes resultados en las distintas etapas que han hecho las bases de nuestra actual empresa.Los requisitos cada vez mas exigentes en t\u00e9rminos de calidad del sector en el cual operamos, nos han \u00a0consagrado a aplicar nuestros recursos para asegurar la calidad de los proyectos, que estos se completen a tiempo y se construyan seg\u00fan las normas de seguridad mas estrictas de la industria.<\/strong><\/p>\n<p>&nbsp;<\/p>\n<p style=\"text-align: center;\"><img decoding=\"async\" loading=\"lazy\" class=\"aligncenter size-full wp-image-1322\" alt=\"personal_clave_button\" src=\"http:\/\/hafran.com\/portal2\/wp-content\/uploads\/2013\/04\/personal_clave_button.jpg\" width=\"1083\" height=\"74\" srcset=\"https:\/\/hafran.com\/portal2\/wp-content\/uploads\/2013\/04\/personal_clave_button.jpg 1083w, https:\/\/hafran.com\/portal2\/wp-content\/uploads\/2013\/04\/personal_clave_button-300x20.jpg 300w, https:\/\/hafran.com\/portal2\/wp-content\/uploads\/2013\/04\/personal_clave_button-1024x69.jpg 1024w\" sizes=\"(max-width: 1083px) 100vw, 1083px\" \/><\/p>\n<p style=\"text-align: center;\"><img decoding=\"async\" loading=\"lazy\" class=\"aligncenter size-full wp-image-1323\" alt=\"Personal Clave\" src=\"http:\/\/hafran.com\/portal2\/wp-content\/uploads\/2013\/04\/personal_clave_3.jpg\" width=\"1083\" height=\"438\" srcset=\"https:\/\/hafran.com\/portal2\/wp-content\/uploads\/2013\/04\/personal_clave_3.jpg 1083w, https:\/\/hafran.com\/portal2\/wp-content\/uploads\/2013\/04\/personal_clave_3-300x121.jpg 300w, https:\/\/hafran.com\/portal2\/wp-content\/uploads\/2013\/04\/personal_clave_3-1024x414.jpg 1024w\" sizes=\"(max-width: 1083px) 100vw, 1083px\" \/><\/p>\n<h4><span class=\"fontplugin_fontid_1085_SonySketchBold205\" id=\"inserted4146\" style=\"font-size: 30px; color: #444444;\">\u00a0<\/span><\/h4>\n<p>&nbsp;<\/p>\n","protected":false},"excerpt":{"rendered":"<p>HAFRAN Servicios M\u00faltiples \u00a0C.A Fundada en el estado Falc\u00f3n el 15 de Marzo de 1.988, es una empresa que nace orientado a su desempe\u00f1o a la ejecuci\u00f3n de obras en pro de la operaci\u00f3n y seguridad de los procesos industriales del cliente. En los a\u00f1os siguientes, con nuestra r\u00e1pida respuesta a la necesidades de la [&hellip;]<\/p>\n","protected":false},"author":1,"featured_media":0,"parent":0,"menu_order":0,"comment_status":"closed","ping_status":"closed","template":"","meta":[],"_links":{"self":[{"href":"https:\/\/hafran.com\/portal2\/index.php?rest_route=\/wp\/v2\/pages\/1173"}],"collection":[{"href":"https:\/\/hafran.com\/portal2\/index.php?rest_route=\/wp\/v2\/pages"}],"about":[{"href":"https:\/\/hafran.com\/portal2\/index.php?rest_route=\/wp\/v2\/types\/page"}],"author":[{"embeddable":true,"href":"https:\/\/hafran.com\/portal2\/index.php?rest_route=\/wp\/v2\/users\/1"}],"replies":[{"embeddable":true,"href":"https:\/\/hafran.com\/portal2\/index.php?rest_route=%2Fwp%2Fv2%2Fcomments&post=1173"}],"version-history":[{"count":45,"href":"https:\/\/hafran.com\/portal2\/index.php?rest_route=\/wp\/v2\/pages\/1173\/revisions"}],"predecessor-version":[{"id":1177,"href":"https:\/\/hafran.com\/portal2\/index.php?rest_route=\/wp\/v2\/pages\/1173\/revisions\/1177"}],"wp:attachment":[{"href":"https:\/\/hafran.com\/portal2\/index.php?rest_route=%2Fwp%2Fv2%2Fmedia&parent=1173"}],"curies":[{"name":"wp","href":"https:\/\/api.w.org\/{rel}","templated":true}]}}