{"id":1255,"date":"2013-04-07T03:49:03","date_gmt":"2013-04-07T03:49:03","guid":{"rendered":"http:\/\/hafran.com\/portal2\/?page_id=1255"},"modified":"2013-04-19T21:29:03","modified_gmt":"2013-04-19T21:29:03","slug":"mision-y-vision","status":"publish","type":"page","link":"https:\/\/hafran.com\/portal2\/?page_id=1255","title":{"rendered":"Misi\u00f3n y Visi\u00f3n"},"content":{"rendered":"<p style=\"text-align: left;\"><img decoding=\"async\" loading=\"lazy\" class=\"size-full wp-image-1256\" alt=\"button_mision\" src=\"http:\/\/hafran.com\/portal2\/wp-content\/uploads\/2013\/04\/button_mision.jpg\" width=\"1083\" height=\"74\" srcset=\"https:\/\/hafran.com\/portal2\/wp-content\/uploads\/2013\/04\/button_mision.jpg 1083w, https:\/\/hafran.com\/portal2\/wp-content\/uploads\/2013\/04\/button_mision-300x20.jpg 300w, https:\/\/hafran.com\/portal2\/wp-content\/uploads\/2013\/04\/button_mision-1024x69.jpg 1024w\" sizes=\"(max-width: 1083px) 100vw, 1083px\" \/><\/p>\n<h4 style=\"text-align: justify;\"><img decoding=\"async\" loading=\"lazy\" class=\"alignleft\" style=\"color: #444444; font-size: 30px; text-align: center;\" alt=\"mision\" src=\"http:\/\/hafran.com\/portal2\/wp-content\/uploads\/2013\/04\/mision.jpg\" width=\"250\" height=\"261\" \/><\/h4>\n<h4 style=\"text-align: justify;\"><\/h4>\n<h4 style=\"text-align: justify;\"><\/h4>\n<h4 style=\"text-align: justify;\"><span class=\"fontplugin_fontid_2502_MYRIADB\"><span id=\"inserted1025\" style=\"font-size: 14px; color: #000000;\"><span id=\"inserted9507\" style=\"font-size: 17px; color: #444444;\"><span class=\"fontplugin_fontid_365_LACUI\" id=\"inserted9358\" style=\"font-size: 30px; color: #444444;\"><span class=\"fontplugin_fontid_3413_BebasNeue\" id=\"inserted2290\" style=\"font-size: 30px; color: #444444;\"><span class=\"fontplugin_fontid_1085_SonySketchBold205\" id=\"inserted9782\" style=\"font-size: 30px; color: #444444;\">\u201cDesarrollar Proyectos, y Obras de Mantenimiento en el sector Petrolero, Petroqu\u00edmico y Metalmec\u00e1nica con el Liderazgo necesario para lograr el crecimiento de la organizaci\u00f3n, generando beneficio social y garantizando el crecimiento de nuestro recurso humano\u201d.<\/span><\/span><\/span><\/span><\/span><\/span><\/h4>\n<p style=\"text-align: justify;\"><span id=\"inserted3278\" style=\"font-size: 30px; color: #444444;\"><span class=\"fontplugin_fontid_379_BUDHAND2\" id=\"inserted5989\" style=\"font-size: 30px; color: #444444;\"><span class=\"fontplugin_fontid_3117_Eurosti\" id=\"inserted4167\" style=\"font-size: 30px; color: #444444;\">\u00a0<\/span><\/span><\/span><\/p>\n<h5 style=\"text-align: justify;\"><span class=\"fontplugin_fontid_1376_jadem\" style=\"font-size: 22px;\"><span class=\"fontplugin_fontid_1046_OptimusPrincepsSemiBold\">\u00a0<\/span><\/span><span style=\"font-size: 13px;\">\u00a0<\/span><\/h5>\n<p style=\"text-align: center;\"><img decoding=\"async\" loading=\"lazy\" class=\"aligncenter size-full wp-image-1289\" alt=\"button_vision\" src=\"http:\/\/hafran.com\/portal2\/wp-content\/uploads\/2013\/04\/button_vision.jpg\" width=\"1083\" height=\"74\" srcset=\"https:\/\/hafran.com\/portal2\/wp-content\/uploads\/2013\/04\/button_vision.jpg 1083w, https:\/\/hafran.com\/portal2\/wp-content\/uploads\/2013\/04\/button_vision-300x20.jpg 300w, https:\/\/hafran.com\/portal2\/wp-content\/uploads\/2013\/04\/button_vision-1024x69.jpg 1024w\" sizes=\"(max-width: 1083px) 100vw, 1083px\" \/><\/p>\n<h4 style=\"text-align: center;\"><a href=\"http:\/\/hafran.com\/portal2\/wp-content\/uploads\/2013\/04\/mision_vision.png\"><img decoding=\"async\" loading=\"lazy\" class=\"alignleft\" alt=\"mision_vision\" src=\"http:\/\/hafran.com\/portal2\/wp-content\/uploads\/2013\/04\/mision_vision.png\" width=\"237\" height=\"236\" \/><\/a><\/h4>\n<h4 style=\"text-align: center;\"><\/h4>\n<h4 style=\"text-align: justify;\"><span class=\"fontplugin_fontid_2502_MYRIADB\"><span class=\"fontplugin_fontid_2502_MYRIADB\"><span class=\"fontplugin_fontid_1085_SonySketchBold205\" id=\"inserted3082\" style=\"font-size: 30px; color: #444444;\">\u201cSer la Empresa L\u00edder en el Desarrollo de Proyectos\u00a0 y Obras de Mantenimiento del Sector Petrolero, Petroqu\u00edmico y Metalmec\u00e1nica del Territorio Nacional, Centroamericano y el Caribe, manteniendo y afianzando la innovaci\u00f3n como factor de crecimiento\u201d.<\/span><\/span><\/span><\/h4>\n<p>&nbsp;<\/p>\n<p>&nbsp;<\/p>\n<p style=\"text-align: center;\"><span id=\"inserted4476\" style=\"font-size: 30px; color: #444444;\"><span class=\"fontplugin_fontid_1381_FRAMDCN\" id=\"inserted6612\" style=\"font-size: 30px; color: #444444;\">\u00a0<\/span><\/span><\/p>\n<p><a href=\"http:\/\/hafran.com\/portal2\/wp-content\/uploads\/2013\/04\/mision.jpg\">\u00a0<\/a><\/p>\n<p>&nbsp;<\/p>\n","protected":false},"excerpt":{"rendered":"<p>\u201cDesarrollar Proyectos, y Obras de Mantenimiento en el sector Petrolero, Petroqu\u00edmico y Metalmec\u00e1nica con el Liderazgo necesario para lograr el crecimiento de la organizaci\u00f3n, generando beneficio social y garantizando el crecimiento de nuestro recurso humano\u201d. \u00a0 \u00a0\u00a0 \u201cSer la Empresa L\u00edder en el Desarrollo de Proyectos\u00a0 y Obras de Mantenimiento del Sector Petrolero, Petroqu\u00edmico y [&hellip;]<\/p>\n","protected":false},"author":1,"featured_media":0,"parent":0,"menu_order":0,"comment_status":"closed","ping_status":"closed","template":"","meta":[],"_links":{"self":[{"href":"https:\/\/hafran.com\/portal2\/index.php?rest_route=\/wp\/v2\/pages\/1255"}],"collection":[{"href":"https:\/\/hafran.com\/portal2\/index.php?rest_route=\/wp\/v2\/pages"}],"about":[{"href":"https:\/\/hafran.com\/portal2\/index.php?rest_route=\/wp\/v2\/types\/page"}],"author":[{"embeddable":true,"href":"https:\/\/hafran.com\/portal2\/index.php?rest_route=\/wp\/v2\/users\/1"}],"replies":[{"embeddable":true,"href":"https:\/\/hafran.com\/portal2\/index.php?rest_route=%2Fwp%2Fv2%2Fcomments&post=1255"}],"version-history":[{"count":46,"href":"https:\/\/hafran.com\/portal2\/index.php?rest_route=\/wp\/v2\/pages\/1255\/revisions"}],"predecessor-version":[{"id":1564,"href":"https:\/\/hafran.com\/portal2\/index.php?rest_route=\/wp\/v2\/pages\/1255\/revisions\/1564"}],"wp:attachment":[{"href":"https:\/\/hafran.com\/portal2\/index.php?rest_route=%2Fwp%2Fv2%2Fmedia&parent=1255"}],"curies":[{"name":"wp","href":"https:\/\/api.w.org\/{rel}","templated":true}]}}