{"id":1656,"date":"2013-09-15T21:44:39","date_gmt":"2013-09-15T21:44:39","guid":{"rendered":"http:\/\/hafran.com\/portal2\/?page_id=1656"},"modified":"2015-02-10T18:27:46","modified_gmt":"2015-02-10T18:27:46","slug":"proyecto-suay-1","status":"publish","type":"page","link":"https:\/\/hafran.com\/portal2\/?page_id=1656","title":{"rendered":"Proyecto SUAY-1 (CRP)"},"content":{"rendered":"<h3><a href=\"http:\/\/hafran.com\/portal2\/wp-content\/uploads\/2012\/02\/logo_historia.jpg\"><img decoding=\"async\" loading=\"lazy\" class=\"aligncenter\" src=\"http:\/\/hafran.com\/portal2\/wp-content\/uploads\/2012\/02\/logo_historia.jpg\" alt=\"logo_historia\" width=\"190\" height=\"150\" \/><\/a><\/h3>\n<h3><b>NOMBRE DEL CONTRATO<\/b>:<\/h3>\n<p>\u201cIMPLANTACI\u00d3N DEL REVAMP PARA LA UNIDAD RECUPERADORA DE AZUFRE SUAY-1, CONTEMPLADO DENTRO DEL ALCANCE DEL PROYECTO TAPA\u201d.<\/p>\n<h3>FECHA:<\/h3>\n<p>Desde 10\/11\/2008 al\u00a020\/10\/2009<\/p>\n<h3><b>N\u00ba DE CONTRATO<\/b>:<\/h3>\n<p>4620007668<\/p>\n<h3><b>CLIENTE:<\/b><\/h3>\n<p>PDVSA PETROLEOS S.A (CENTRO DE REFINACION PARAGUANA)<\/p>\n<h3><b>BREVE DESCRIPCION<\/b>:<\/h3>\n<p style=\"text-align: justify;\">EL CONTRATO CONTEMPL\u00d3 LA EJECUCI\u00d3N DE TODOS LO TRABAJOS CIVILES, EL\u00c9CTRICOS, MEC\u00c1NICOS,DE INSTRUMENTACI\u00d3N Y CONTROL PERTINENTES PARA LA IMPLANTACI\u00d3N DEL REVAMP CONTEMPLADO PARA LA UNIDAD RECUPERADORA DE AZUFRE SUAY-1, EL CUAL ABARCO TODAS LAS ACTIVIDADES NECESARIAS PARA PREFABRICACION DE FUNDACIONES, ESTRUCTURAS Y TUBERIAS EN PATIOS DE TALLERES (INTERNOS\/EXTERNOS AL CRP) TENDIDO DE CABLES EN BANCADAS (ELECTRICIDAD E INSTRUMENTACI\u00d3N &amp; CONTROL) , EL DESMANTELAMIENTO DE LAS ESTRUCTURAS EXISTENTES EN LAS DIFERENTES AREAS O SECCIONES DEL PROYECTO QUE CONFORMAN LA UNIDAD DE SUAY-1 Y ASOCIADAS AL TREN DE REACCION(QUEMADOR, HORNO,CALDERA)<\/p>\n<p style=\"text-align: justify;\">DESMANTELAMIENTO DEL TREN DE REACCI\u00d3N EXISTENTE,MONTAJE Y REUBICACION DE LOS EQUIPOS QUE CONFORMAN EL TREN DE REACCI\u00d3N, CONSTRUCCI\u00d3N DE NUEVAS FUNDACIONES PARA EQUIPOS NUEVOS Y EXISTENTES ,EJECUCION DE TODOS LOS PUNTOS DE CONEXI\u00d3N CON LAS FACILIDADES EXISTENTES(TIE-INS) , E INSTALACI\u00d3N DE TODAS LAS FACILIDADES NECESARIAS PARA LA INTERCONEXION ENTRE DICHOS EQUIPOS.<\/p>\n<p style=\"text-align: justify;\">POR OTRA PARTE SE CONECTARON LAS SE\u00d1ALES DE CAMPO A LOS NUEVOS EQUIPOS DE\u00a0 INSTRUMENTACION Y CONTROL ASOCIADOS AL SISTEMA DE CONTROL DISTRIBUIDO DCS Y AL SISTEMA DE SEGURIDAD Y MANEJO DE LOS QUEMADORES, BMS, Y SU CONEXI\u00d3N CON LA FUENTE\u00a0 SEGURA (UPS), CUMPLIMIENDO ASI CON EL ALCANCE DEL REVAMP DE SUAY-1 CONTEMPLADO POR EL PROYECTO TAPA PARA LA MENCIONADA UNIDAD.<\/p>\n<p style=\"text-align: justify;\">LA OBRA SE EJECUTO EN LA REFINERIA DE AMUAY, PROPIEDAD DE PDVSA, UBICADA EN EL MUNICIPIO LOS TAQUES DEL ESTADO FALC\u00d3N-VENEZUELA.<\/p>\n<h6 style=\"text-align: justify;\">\n<div class=\"ngg-galleryoverview\" id=\"ngg-gallery-6-1656\">\n<p>\t<!-- Slideshow link --><\/p>\n<div class=\"slideshowlink\">\n\t\t<a class=\"slideshowlink\" href=\"https:\/\/hafran.com\/portal2\/?page_id=1656&amp;show=slide\"><br \/>\n\t\t\t[Mostrar como slide]\t\t<\/a>\n\t<\/div>\n<p>\t<!-- Thumbnails --><\/p>\n<div id=\"ngg-image-192\" class=\"ngg-gallery-thumbnail-box\"  >\n<div class=\"ngg-gallery-thumbnail\" >\n\t\t\t<a href=\"https:\/\/hafran.com\/portal2\/wp-content\/gallery\/proyecto-suay-1\/fotos-construccion-028.jpg\" title=\" \" class=\"shutterset_set_6\" ><br \/>\n\t\t\t\t\t\t\t\t<img title=\"fotos-construccion-028\" alt=\"fotos-construccion-028\" src=\"https:\/\/hafran.com\/portal2\/wp-content\/gallery\/proyecto-suay-1\/thumbs\/thumbs_fotos-construccion-028.jpg\" width=\"120\" height=\"90\" \/><br \/>\n\t\t\t\t\t\t\t<\/a>\n\t\t<\/div>\n<\/p><\/div>\n<div id=\"ngg-image-193\" class=\"ngg-gallery-thumbnail-box\"  >\n<div class=\"ngg-gallery-thumbnail\" >\n\t\t\t<a href=\"https:\/\/hafran.com\/portal2\/wp-content\/gallery\/proyecto-suay-1\/fotos-construccion-029.jpg\" title=\" \" class=\"shutterset_set_6\" ><br \/>\n\t\t\t\t\t\t\t\t<img title=\"fotos-construccion-029\" alt=\"fotos-construccion-029\" src=\"https:\/\/hafran.com\/portal2\/wp-content\/gallery\/proyecto-suay-1\/thumbs\/thumbs_fotos-construccion-029.jpg\" width=\"120\" height=\"90\" \/><br \/>\n\t\t\t\t\t\t\t<\/a>\n\t\t<\/div>\n<\/p><\/div>\n<div id=\"ngg-image-194\" class=\"ngg-gallery-thumbnail-box\"  >\n<div class=\"ngg-gallery-thumbnail\" >\n\t\t\t<a href=\"https:\/\/hafran.com\/portal2\/wp-content\/gallery\/proyecto-suay-1\/fotos-construccion-033.jpg\" title=\" \" class=\"shutterset_set_6\" ><br \/>\n\t\t\t\t\t\t\t\t<img title=\"fotos-construccion-033\" alt=\"fotos-construccion-033\" src=\"https:\/\/hafran.com\/portal2\/wp-content\/gallery\/proyecto-suay-1\/thumbs\/thumbs_fotos-construccion-033.jpg\" width=\"120\" height=\"90\" \/><br \/>\n\t\t\t\t\t\t\t<\/a>\n\t\t<\/div>\n<\/p><\/div>\n<div id=\"ngg-image-195\" class=\"ngg-gallery-thumbnail-box\"  >\n<div class=\"ngg-gallery-thumbnail\" >\n\t\t\t<a href=\"https:\/\/hafran.com\/portal2\/wp-content\/gallery\/proyecto-suay-1\/fotos-construccion-034.jpg\" title=\" \" class=\"shutterset_set_6\" ><br \/>\n\t\t\t\t\t\t\t\t<img title=\"fotos-construccion-034\" alt=\"fotos-construccion-034\" src=\"https:\/\/hafran.com\/portal2\/wp-content\/gallery\/proyecto-suay-1\/thumbs\/thumbs_fotos-construccion-034.jpg\" width=\"120\" height=\"90\" \/><br \/>\n\t\t\t\t\t\t\t<\/a>\n\t\t<\/div>\n<\/p><\/div>\n<div id=\"ngg-image-196\" class=\"ngg-gallery-thumbnail-box\"  >\n<div class=\"ngg-gallery-thumbnail\" >\n\t\t\t<a href=\"https:\/\/hafran.com\/portal2\/wp-content\/gallery\/proyecto-suay-1\/fotos-construccion-035.jpg\" title=\" \" class=\"shutterset_set_6\" ><br \/>\n\t\t\t\t\t\t\t\t<img title=\"fotos-construccion-035\" alt=\"fotos-construccion-035\" src=\"https:\/\/hafran.com\/portal2\/wp-content\/gallery\/proyecto-suay-1\/thumbs\/thumbs_fotos-construccion-035.jpg\" width=\"120\" height=\"90\" \/><br \/>\n\t\t\t\t\t\t\t<\/a>\n\t\t<\/div>\n<\/p><\/div>\n<div id=\"ngg-image-197\" class=\"ngg-gallery-thumbnail-box\"  >\n<div class=\"ngg-gallery-thumbnail\" >\n\t\t\t<a href=\"https:\/\/hafran.com\/portal2\/wp-content\/gallery\/proyecto-suay-1\/fotos-construccion-036.jpg\" title=\" \" class=\"shutterset_set_6\" ><br \/>\n\t\t\t\t\t\t\t\t<img title=\"fotos-construccion-036\" alt=\"fotos-construccion-036\" src=\"https:\/\/hafran.com\/portal2\/wp-content\/gallery\/proyecto-suay-1\/thumbs\/thumbs_fotos-construccion-036.jpg\" width=\"120\" height=\"90\" \/><br \/>\n\t\t\t\t\t\t\t<\/a>\n\t\t<\/div>\n<\/p><\/div>\n<div id=\"ngg-image-198\" class=\"ngg-gallery-thumbnail-box\"  >\n<div class=\"ngg-gallery-thumbnail\" >\n\t\t\t<a href=\"https:\/\/hafran.com\/portal2\/wp-content\/gallery\/proyecto-suay-1\/fotos-construccion-037.jpg\" title=\" \" class=\"shutterset_set_6\" ><br \/>\n\t\t\t\t\t\t\t\t<img title=\"fotos-construccion-037\" alt=\"fotos-construccion-037\" src=\"https:\/\/hafran.com\/portal2\/wp-content\/gallery\/proyecto-suay-1\/thumbs\/thumbs_fotos-construccion-037.jpg\" width=\"120\" height=\"90\" \/><br \/>\n\t\t\t\t\t\t\t<\/a>\n\t\t<\/div>\n<\/p><\/div>\n<div id=\"ngg-image-199\" class=\"ngg-gallery-thumbnail-box\"  >\n<div class=\"ngg-gallery-thumbnail\" >\n\t\t\t<a href=\"https:\/\/hafran.com\/portal2\/wp-content\/gallery\/proyecto-suay-1\/fotos-construccion-038.jpg\" title=\" \" class=\"shutterset_set_6\" ><br \/>\n\t\t\t\t\t\t\t\t<img title=\"fotos-construccion-038\" alt=\"fotos-construccion-038\" src=\"https:\/\/hafran.com\/portal2\/wp-content\/gallery\/proyecto-suay-1\/thumbs\/thumbs_fotos-construccion-038.jpg\" width=\"120\" height=\"90\" \/><br \/>\n\t\t\t\t\t\t\t<\/a>\n\t\t<\/div>\n<\/p><\/div>\n<div id=\"ngg-image-200\" class=\"ngg-gallery-thumbnail-box\"  >\n<div class=\"ngg-gallery-thumbnail\" >\n\t\t\t<a href=\"https:\/\/hafran.com\/portal2\/wp-content\/gallery\/proyecto-suay-1\/fotos-construccion-039.jpg\" title=\" \" class=\"shutterset_set_6\" ><br \/>\n\t\t\t\t\t\t\t\t<img title=\"fotos-construccion-039\" alt=\"fotos-construccion-039\" src=\"https:\/\/hafran.com\/portal2\/wp-content\/gallery\/proyecto-suay-1\/thumbs\/thumbs_fotos-construccion-039.jpg\" width=\"120\" height=\"90\" \/><br \/>\n\t\t\t\t\t\t\t<\/a>\n\t\t<\/div>\n<\/p><\/div>\n<div id=\"ngg-image-201\" class=\"ngg-gallery-thumbnail-box\"  >\n<div class=\"ngg-gallery-thumbnail\" >\n\t\t\t<a href=\"https:\/\/hafran.com\/portal2\/wp-content\/gallery\/proyecto-suay-1\/fotos-construccion-040.jpg\" title=\" \" class=\"shutterset_set_6\" ><br \/>\n\t\t\t\t\t\t\t\t<img title=\"fotos-construccion-040\" alt=\"fotos-construccion-040\" src=\"https:\/\/hafran.com\/portal2\/wp-content\/gallery\/proyecto-suay-1\/thumbs\/thumbs_fotos-construccion-040.jpg\" width=\"120\" height=\"90\" \/><br \/>\n\t\t\t\t\t\t\t<\/a>\n\t\t<\/div>\n<\/p><\/div>\n<div id=\"ngg-image-202\" class=\"ngg-gallery-thumbnail-box\"  >\n<div class=\"ngg-gallery-thumbnail\" >\n\t\t\t<a href=\"https:\/\/hafran.com\/portal2\/wp-content\/gallery\/proyecto-suay-1\/fotos-construccion-041.jpg\" title=\" \" class=\"shutterset_set_6\" ><br \/>\n\t\t\t\t\t\t\t\t<img title=\"fotos-construccion-041\" alt=\"fotos-construccion-041\" src=\"https:\/\/hafran.com\/portal2\/wp-content\/gallery\/proyecto-suay-1\/thumbs\/thumbs_fotos-construccion-041.jpg\" width=\"120\" height=\"90\" \/><br \/>\n\t\t\t\t\t\t\t<\/a>\n\t\t<\/div>\n<\/p><\/div>\n<div id=\"ngg-image-203\" class=\"ngg-gallery-thumbnail-box\"  >\n<div class=\"ngg-gallery-thumbnail\" >\n\t\t\t<a href=\"https:\/\/hafran.com\/portal2\/wp-content\/gallery\/proyecto-suay-1\/fotos-construccion-042.jpg\" title=\" \" class=\"shutterset_set_6\" ><br \/>\n\t\t\t\t\t\t\t\t<img title=\"fotos-construccion-042\" alt=\"fotos-construccion-042\" src=\"https:\/\/hafran.com\/portal2\/wp-content\/gallery\/proyecto-suay-1\/thumbs\/thumbs_fotos-construccion-042.jpg\" width=\"120\" height=\"90\" \/><br \/>\n\t\t\t\t\t\t\t<\/a>\n\t\t<\/div>\n<\/p><\/div>\n<div id=\"ngg-image-204\" class=\"ngg-gallery-thumbnail-box\"  >\n<div class=\"ngg-gallery-thumbnail\" >\n\t\t\t<a href=\"https:\/\/hafran.com\/portal2\/wp-content\/gallery\/proyecto-suay-1\/fotos-construccion-043.jpg\" title=\" \" class=\"shutterset_set_6\" ><br \/>\n\t\t\t\t\t\t\t\t<img title=\"fotos-construccion-043\" alt=\"fotos-construccion-043\" src=\"https:\/\/hafran.com\/portal2\/wp-content\/gallery\/proyecto-suay-1\/thumbs\/thumbs_fotos-construccion-043.jpg\" width=\"120\" height=\"90\" \/><br \/>\n\t\t\t\t\t\t\t<\/a>\n\t\t<\/div>\n<\/p><\/div>\n<div id=\"ngg-image-205\" class=\"ngg-gallery-thumbnail-box\"  >\n<div class=\"ngg-gallery-thumbnail\" >\n\t\t\t<a href=\"https:\/\/hafran.com\/portal2\/wp-content\/gallery\/proyecto-suay-1\/fotos-construccion-044.jpg\" title=\" \" class=\"shutterset_set_6\" ><br \/>\n\t\t\t\t\t\t\t\t<img title=\"fotos-construccion-044\" alt=\"fotos-construccion-044\" src=\"https:\/\/hafran.com\/portal2\/wp-content\/gallery\/proyecto-suay-1\/thumbs\/thumbs_fotos-construccion-044.jpg\" width=\"120\" height=\"90\" \/><br \/>\n\t\t\t\t\t\t\t<\/a>\n\t\t<\/div>\n<\/p><\/div>\n<div id=\"ngg-image-206\" class=\"ngg-gallery-thumbnail-box\"  >\n<div class=\"ngg-gallery-thumbnail\" >\n\t\t\t<a href=\"https:\/\/hafran.com\/portal2\/wp-content\/gallery\/proyecto-suay-1\/fotos-construccion-045.jpg\" title=\" \" class=\"shutterset_set_6\" ><br \/>\n\t\t\t\t\t\t\t\t<img title=\"fotos-construccion-045\" alt=\"fotos-construccion-045\" src=\"https:\/\/hafran.com\/portal2\/wp-content\/gallery\/proyecto-suay-1\/thumbs\/thumbs_fotos-construccion-045.jpg\" width=\"120\" height=\"90\" \/><br \/>\n\t\t\t\t\t\t\t<\/a>\n\t\t<\/div>\n<\/p><\/div>\n<div id=\"ngg-image-207\" class=\"ngg-gallery-thumbnail-box\"  >\n<div class=\"ngg-gallery-thumbnail\" >\n\t\t\t<a href=\"https:\/\/hafran.com\/portal2\/wp-content\/gallery\/proyecto-suay-1\/fotos-construccion-046.jpg\" title=\" \" class=\"shutterset_set_6\" ><br \/>\n\t\t\t\t\t\t\t\t<img title=\"fotos-construccion-046\" alt=\"fotos-construccion-046\" src=\"https:\/\/hafran.com\/portal2\/wp-content\/gallery\/proyecto-suay-1\/thumbs\/thumbs_fotos-construccion-046.jpg\" width=\"120\" height=\"90\" \/><br \/>\n\t\t\t\t\t\t\t<\/a>\n\t\t<\/div>\n<\/p><\/div>\n<div id=\"ngg-image-208\" class=\"ngg-gallery-thumbnail-box\"  >\n<div class=\"ngg-gallery-thumbnail\" >\n\t\t\t<a href=\"https:\/\/hafran.com\/portal2\/wp-content\/gallery\/proyecto-suay-1\/fotos-construccion-047.jpg\" title=\" \" class=\"shutterset_set_6\" ><br \/>\n\t\t\t\t\t\t\t\t<img title=\"fotos-construccion-047\" alt=\"fotos-construccion-047\" src=\"https:\/\/hafran.com\/portal2\/wp-content\/gallery\/proyecto-suay-1\/thumbs\/thumbs_fotos-construccion-047.jpg\" width=\"120\" height=\"90\" \/><br \/>\n\t\t\t\t\t\t\t<\/a>\n\t\t<\/div>\n<\/p><\/div>\n<div id=\"ngg-image-209\" class=\"ngg-gallery-thumbnail-box\"  >\n<div class=\"ngg-gallery-thumbnail\" >\n\t\t\t<a href=\"https:\/\/hafran.com\/portal2\/wp-content\/gallery\/proyecto-suay-1\/fotos-construccion-049.jpg\" title=\" \" class=\"shutterset_set_6\" ><br \/>\n\t\t\t\t\t\t\t\t<img title=\"fotos-construccion-049\" alt=\"fotos-construccion-049\" src=\"https:\/\/hafran.com\/portal2\/wp-content\/gallery\/proyecto-suay-1\/thumbs\/thumbs_fotos-construccion-049.jpg\" width=\"120\" height=\"90\" \/><br \/>\n\t\t\t\t\t\t\t<\/a>\n\t\t<\/div>\n<\/p><\/div>\n<p>\t<!-- Pagination --><\/p>\n<div class='ngg-navigation'><span class=\"current\">1<\/span><a class=\"page-numbers\" href=\"https:\/\/hafran.com\/portal2\/?page_id=1656&amp;nggpage=2\">2<\/a><a class=\"next\" id=\"ngg-next-2\" href=\"https:\/\/hafran.com\/portal2\/?page_id=1656&amp;nggpage=2\">&#9658;<\/a><\/div>\n<\/div>\n<\/h6>\n","protected":false},"excerpt":{"rendered":"<p>NOMBRE DEL CONTRATO: \u201cIMPLANTACI\u00d3N DEL REVAMP PARA LA UNIDAD RECUPERADORA DE AZUFRE SUAY-1, CONTEMPLADO DENTRO DEL ALCANCE DEL PROYECTO TAPA\u201d. FECHA: Desde 10\/11\/2008 al\u00a020\/10\/2009 N\u00ba DE CONTRATO: 4620007668 CLIENTE: PDVSA PETROLEOS S.A (CENTRO DE REFINACION PARAGUANA) BREVE DESCRIPCION: EL CONTRATO CONTEMPL\u00d3 LA EJECUCI\u00d3N DE TODOS LO TRABAJOS CIVILES, EL\u00c9CTRICOS, MEC\u00c1NICOS,DE INSTRUMENTACI\u00d3N Y CONTROL PERTINENTES PARA [&hellip;]<\/p>\n","protected":false},"author":1,"featured_media":0,"parent":0,"menu_order":0,"comment_status":"closed","ping_status":"closed","template":"","meta":[],"_links":{"self":[{"href":"https:\/\/hafran.com\/portal2\/index.php?rest_route=\/wp\/v2\/pages\/1656"}],"collection":[{"href":"https:\/\/hafran.com\/portal2\/index.php?rest_route=\/wp\/v2\/pages"}],"about":[{"href":"https:\/\/hafran.com\/portal2\/index.php?rest_route=\/wp\/v2\/types\/page"}],"author":[{"embeddable":true,"href":"https:\/\/hafran.com\/portal2\/index.php?rest_route=\/wp\/v2\/users\/1"}],"replies":[{"embeddable":true,"href":"https:\/\/hafran.com\/portal2\/index.php?rest_route=%2Fwp%2Fv2%2Fcomments&post=1656"}],"version-history":[{"count":6,"href":"https:\/\/hafran.com\/portal2\/index.php?rest_route=\/wp\/v2\/pages\/1656\/revisions"}],"predecessor-version":[{"id":1886,"href":"https:\/\/hafran.com\/portal2\/index.php?rest_route=\/wp\/v2\/pages\/1656\/revisions\/1886"}],"wp:attachment":[{"href":"https:\/\/hafran.com\/portal2\/index.php?rest_route=%2Fwp%2Fv2%2Fmedia&parent=1656"}],"curies":[{"name":"wp","href":"https:\/\/api.w.org\/{rel}","templated":true}]}}