{"id":1672,"date":"2013-09-16T02:43:24","date_gmt":"2013-09-16T02:43:24","guid":{"rendered":"http:\/\/hafran.com\/portal2\/?page_id=1672"},"modified":"2015-02-10T18:32:06","modified_gmt":"2015-02-10T18:32:06","slug":"tanques-de-termozulia","status":"publish","type":"page","link":"https:\/\/hafran.com\/portal2\/?page_id=1672","title":{"rendered":"Tanques de Termozulia III"},"content":{"rendered":"<h3><a href=\"http:\/\/hafran.com\/portal2\/wp-content\/uploads\/2012\/02\/logo_historia.jpg\"><img decoding=\"async\" loading=\"lazy\" class=\"aligncenter  wp-image-1223\" src=\"http:\/\/hafran.com\/portal2\/wp-content\/uploads\/2012\/02\/logo_historia.jpg\" alt=\"logo_historia\" width=\"190\" height=\"150\" \/><\/a><\/h3>\n<h3><b>NOMBRE DEL CONTRATO<\/b>:<\/h3>\n<p>TRABAJOS DE IPC TANQUES (COMPONENTE NACIONAL) PARA EL PROYECTO CICLO COMBINADO TERMOZULIA III<\/p>\n<h3>FECHA:<\/h3>\n<p>Desde 04\/10\/2010 al\u00a014\/02\/2012<\/p>\n<h3><b>N\u00ba DE CONTRATO<\/b>:<\/h3>\n<p>1259-01-90-R09-ADM-007<\/p>\n<h3><b>CLIENTE:<\/b><\/h3>\n<p>CONSORCIO EIS<\/p>\n<h3><b>BREVE\u00a0<\/b>DESCRIPCI\u00d3N:<\/h3>\n<p style=\"text-align: justify;\">EL TRABAJO CONSISTE EN LA REALIZACI\u00d3N DE LOS TRABAJOS DE TANQUES DE ALMACENAMIENTO FABRICADOS EN SITIO PARA LA CONSTRUCCI\u00d3N DEL PROYECTO CICLO COMBINADO TERMOZULIA III. LA UBICACI\u00d3N \u00a0DE LOS TRABAJOS ES EN LOS TERRENOS DE ENELVEN UBICADOS EN EL MUNICIPIO LA CA\u00d1ADA DE URDANETA, EN EL ESTADO ZULIA VENEZUELA Y NOS ENCONTRAMOS EN LA FASE DE CONSTRUCCI\u00d3N DE 5 TANQUES LOS CUALES SE MENCIONAN A CONTINUACI\u00d3N:<\/p>\n<p style=\"text-align: justify;\"><b>1.\u00a0\u00a0\u00a0\u00a0\u00a0\u00a0 <\/b><b>TANQUE DE DESTILADO N\u00ba2 SUCIO \u00a0DE 7000 M3 DE CAPACIDAD.<\/b><\/p>\n<p style=\"text-align: justify;\"><b><\/b><b>2.\u00a0\u00a0\u00a0\u00a0\u00a0\u00a0 <\/b><b>TANQUE DE DESTILADO N\u00ba2 LIMPIO DE 7000 M3 DE CAPACIDAD.<\/b><\/p>\n<p style=\"text-align: justify;\"><b><\/b><b>3.\u00a0\u00a0\u00a0\u00a0\u00a0\u00a0 <\/b><b>TANQUE DE AGUA PRETRATADA Y DE SERVICIO 6600 M3 DE CAPACIDAD.<\/b><\/p>\n<p style=\"text-align: justify;\"><b><\/b><b>4.\u00a0\u00a0\u00a0\u00a0\u00a0\u00a0 <\/b><b>TANQUE DE AGUA CRUDA Y PCI DE 3438 M3 DE CAPACIDAD.<\/b><\/p>\n<p style=\"text-align: justify;\"><b><\/b><b>5. \u00a0 \u00a0 \u00a0 TANQUE DE AGUA DESMINERALIZADA DE 3300 M3 DE CAPACIDAD<\/b>.<\/p>\n<h6 style=\"text-align: left;\">\n<div class=\"ngg-galleryoverview\" id=\"ngg-gallery-8-1672\">\n<p>\t<!-- Slideshow link --><\/p>\n<div class=\"slideshowlink\">\n\t\t<a class=\"slideshowlink\" href=\"https:\/\/hafran.com\/portal2\/?page_id=1672&amp;show=slide\"><br \/>\n\t\t\t[Mostrar como slide]\t\t<\/a>\n\t<\/div>\n<p>\t<!-- Thumbnails --><\/p>\n<div id=\"ngg-image-238\" class=\"ngg-gallery-thumbnail-box\"  >\n<div class=\"ngg-gallery-thumbnail\" >\n\t\t\t<a href=\"https:\/\/hafran.com\/portal2\/wp-content\/gallery\/tanques-de-termozulia\/img_0780.jpg\" title=\" \" class=\"shutterset_set_8\" ><br \/>\n\t\t\t\t\t\t\t\t<img title=\"img_0780\" alt=\"img_0780\" src=\"https:\/\/hafran.com\/portal2\/wp-content\/gallery\/tanques-de-termozulia\/thumbs\/thumbs_img_0780.jpg\" width=\"120\" height=\"90\" \/><br \/>\n\t\t\t\t\t\t\t<\/a>\n\t\t<\/div>\n<\/p><\/div>\n<div id=\"ngg-image-239\" class=\"ngg-gallery-thumbnail-box\"  >\n<div class=\"ngg-gallery-thumbnail\" >\n\t\t\t<a href=\"https:\/\/hafran.com\/portal2\/wp-content\/gallery\/tanques-de-termozulia\/img_0783.jpg\" title=\" \" class=\"shutterset_set_8\" ><br \/>\n\t\t\t\t\t\t\t\t<img title=\"img_0783\" alt=\"img_0783\" src=\"https:\/\/hafran.com\/portal2\/wp-content\/gallery\/tanques-de-termozulia\/thumbs\/thumbs_img_0783.jpg\" width=\"120\" height=\"90\" \/><br \/>\n\t\t\t\t\t\t\t<\/a>\n\t\t<\/div>\n<\/p><\/div>\n<div id=\"ngg-image-240\" class=\"ngg-gallery-thumbnail-box\"  >\n<div class=\"ngg-gallery-thumbnail\" >\n\t\t\t<a href=\"https:\/\/hafran.com\/portal2\/wp-content\/gallery\/tanques-de-termozulia\/img_0785.jpg\" title=\" \" class=\"shutterset_set_8\" ><br \/>\n\t\t\t\t\t\t\t\t<img title=\"img_0785\" alt=\"img_0785\" src=\"https:\/\/hafran.com\/portal2\/wp-content\/gallery\/tanques-de-termozulia\/thumbs\/thumbs_img_0785.jpg\" width=\"120\" height=\"90\" \/><br \/>\n\t\t\t\t\t\t\t<\/a>\n\t\t<\/div>\n<\/p><\/div>\n<div id=\"ngg-image-241\" class=\"ngg-gallery-thumbnail-box\"  >\n<div class=\"ngg-gallery-thumbnail\" >\n\t\t\t<a href=\"https:\/\/hafran.com\/portal2\/wp-content\/gallery\/tanques-de-termozulia\/img_0787.jpg\" title=\" \" class=\"shutterset_set_8\" ><br \/>\n\t\t\t\t\t\t\t\t<img title=\"img_0787\" alt=\"img_0787\" src=\"https:\/\/hafran.com\/portal2\/wp-content\/gallery\/tanques-de-termozulia\/thumbs\/thumbs_img_0787.jpg\" width=\"120\" height=\"90\" \/><br \/>\n\t\t\t\t\t\t\t<\/a>\n\t\t<\/div>\n<\/p><\/div>\n<div id=\"ngg-image-242\" class=\"ngg-gallery-thumbnail-box\"  >\n<div class=\"ngg-gallery-thumbnail\" >\n\t\t\t<a href=\"https:\/\/hafran.com\/portal2\/wp-content\/gallery\/tanques-de-termozulia\/img_0789.jpg\" title=\" \" class=\"shutterset_set_8\" ><br \/>\n\t\t\t\t\t\t\t\t<img title=\"img_0789\" alt=\"img_0789\" src=\"https:\/\/hafran.com\/portal2\/wp-content\/gallery\/tanques-de-termozulia\/thumbs\/thumbs_img_0789.jpg\" width=\"120\" height=\"90\" \/><br \/>\n\t\t\t\t\t\t\t<\/a>\n\t\t<\/div>\n<\/p><\/div>\n<div id=\"ngg-image-243\" class=\"ngg-gallery-thumbnail-box\"  >\n<div class=\"ngg-gallery-thumbnail\" >\n\t\t\t<a href=\"https:\/\/hafran.com\/portal2\/wp-content\/gallery\/tanques-de-termozulia\/img_0791-2.jpg\" title=\" \" class=\"shutterset_set_8\" ><br \/>\n\t\t\t\t\t\t\t\t<img title=\"img_0791-2\" alt=\"img_0791-2\" src=\"https:\/\/hafran.com\/portal2\/wp-content\/gallery\/tanques-de-termozulia\/thumbs\/thumbs_img_0791-2.jpg\" width=\"120\" height=\"90\" \/><br \/>\n\t\t\t\t\t\t\t<\/a>\n\t\t<\/div>\n<\/p><\/div>\n<div id=\"ngg-image-244\" class=\"ngg-gallery-thumbnail-box\"  >\n<div class=\"ngg-gallery-thumbnail\" >\n\t\t\t<a href=\"https:\/\/hafran.com\/portal2\/wp-content\/gallery\/tanques-de-termozulia\/img_0791.jpg\" title=\" \" class=\"shutterset_set_8\" ><br \/>\n\t\t\t\t\t\t\t\t<img title=\"img_0791\" alt=\"img_0791\" src=\"https:\/\/hafran.com\/portal2\/wp-content\/gallery\/tanques-de-termozulia\/thumbs\/thumbs_img_0791.jpg\" width=\"120\" height=\"90\" \/><br \/>\n\t\t\t\t\t\t\t<\/a>\n\t\t<\/div>\n<\/p><\/div>\n<div id=\"ngg-image-245\" class=\"ngg-gallery-thumbnail-box\"  >\n<div class=\"ngg-gallery-thumbnail\" >\n\t\t\t<a href=\"https:\/\/hafran.com\/portal2\/wp-content\/gallery\/tanques-de-termozulia\/img_0792.jpg\" title=\" \" class=\"shutterset_set_8\" ><br \/>\n\t\t\t\t\t\t\t\t<img title=\"img_0792\" alt=\"img_0792\" src=\"https:\/\/hafran.com\/portal2\/wp-content\/gallery\/tanques-de-termozulia\/thumbs\/thumbs_img_0792.jpg\" width=\"120\" height=\"90\" \/><br \/>\n\t\t\t\t\t\t\t<\/a>\n\t\t<\/div>\n<\/p><\/div>\n<div id=\"ngg-image-246\" class=\"ngg-gallery-thumbnail-box\"  >\n<div class=\"ngg-gallery-thumbnail\" >\n\t\t\t<a href=\"https:\/\/hafran.com\/portal2\/wp-content\/gallery\/tanques-de-termozulia\/img_0990.jpg\" title=\" \" class=\"shutterset_set_8\" ><br \/>\n\t\t\t\t\t\t\t\t<img title=\"img_0990\" alt=\"img_0990\" src=\"https:\/\/hafran.com\/portal2\/wp-content\/gallery\/tanques-de-termozulia\/thumbs\/thumbs_img_0990.jpg\" width=\"120\" height=\"90\" \/><br \/>\n\t\t\t\t\t\t\t<\/a>\n\t\t<\/div>\n<\/p><\/div>\n<div id=\"ngg-image-247\" class=\"ngg-gallery-thumbnail-box\"  >\n<div class=\"ngg-gallery-thumbnail\" >\n\t\t\t<a href=\"https:\/\/hafran.com\/portal2\/wp-content\/gallery\/tanques-de-termozulia\/img_0995.jpg\" title=\" \" class=\"shutterset_set_8\" ><br \/>\n\t\t\t\t\t\t\t\t<img title=\"img_0995\" alt=\"img_0995\" src=\"https:\/\/hafran.com\/portal2\/wp-content\/gallery\/tanques-de-termozulia\/thumbs\/thumbs_img_0995.jpg\" width=\"120\" height=\"90\" \/><br \/>\n\t\t\t\t\t\t\t<\/a>\n\t\t<\/div>\n<\/p><\/div>\n<div id=\"ngg-image-248\" class=\"ngg-gallery-thumbnail-box\"  >\n<div class=\"ngg-gallery-thumbnail\" >\n\t\t\t<a href=\"https:\/\/hafran.com\/portal2\/wp-content\/gallery\/tanques-de-termozulia\/img_0997.jpg\" title=\" \" class=\"shutterset_set_8\" ><br \/>\n\t\t\t\t\t\t\t\t<img title=\"img_0997\" alt=\"img_0997\" src=\"https:\/\/hafran.com\/portal2\/wp-content\/gallery\/tanques-de-termozulia\/thumbs\/thumbs_img_0997.jpg\" width=\"120\" height=\"90\" \/><br \/>\n\t\t\t\t\t\t\t<\/a>\n\t\t<\/div>\n<\/p><\/div>\n<div id=\"ngg-image-249\" class=\"ngg-gallery-thumbnail-box\"  >\n<div class=\"ngg-gallery-thumbnail\" >\n\t\t\t<a href=\"https:\/\/hafran.com\/portal2\/wp-content\/gallery\/tanques-de-termozulia\/img_0998.jpg\" title=\" \" class=\"shutterset_set_8\" ><br \/>\n\t\t\t\t\t\t\t\t<img title=\"img_0998\" alt=\"img_0998\" src=\"https:\/\/hafran.com\/portal2\/wp-content\/gallery\/tanques-de-termozulia\/thumbs\/thumbs_img_0998.jpg\" width=\"120\" height=\"90\" \/><br \/>\n\t\t\t\t\t\t\t<\/a>\n\t\t<\/div>\n<\/p><\/div>\n<div id=\"ngg-image-250\" class=\"ngg-gallery-thumbnail-box\"  >\n<div class=\"ngg-gallery-thumbnail\" >\n\t\t\t<a href=\"https:\/\/hafran.com\/portal2\/wp-content\/gallery\/tanques-de-termozulia\/img_1000.jpg\" title=\" \" class=\"shutterset_set_8\" ><br \/>\n\t\t\t\t\t\t\t\t<img title=\"img_1000\" alt=\"img_1000\" src=\"https:\/\/hafran.com\/portal2\/wp-content\/gallery\/tanques-de-termozulia\/thumbs\/thumbs_img_1000.jpg\" width=\"120\" height=\"90\" \/><br \/>\n\t\t\t\t\t\t\t<\/a>\n\t\t<\/div>\n<\/p><\/div>\n<div id=\"ngg-image-251\" class=\"ngg-gallery-thumbnail-box\"  >\n<div class=\"ngg-gallery-thumbnail\" >\n\t\t\t<a href=\"https:\/\/hafran.com\/portal2\/wp-content\/gallery\/tanques-de-termozulia\/img_1032.jpg\" title=\" \" class=\"shutterset_set_8\" ><br \/>\n\t\t\t\t\t\t\t\t<img title=\"img_1032\" alt=\"img_1032\" src=\"https:\/\/hafran.com\/portal2\/wp-content\/gallery\/tanques-de-termozulia\/thumbs\/thumbs_img_1032.jpg\" width=\"120\" height=\"90\" \/><br \/>\n\t\t\t\t\t\t\t<\/a>\n\t\t<\/div>\n<\/p><\/div>\n<div id=\"ngg-image-252\" class=\"ngg-gallery-thumbnail-box\"  >\n<div class=\"ngg-gallery-thumbnail\" >\n\t\t\t<a href=\"https:\/\/hafran.com\/portal2\/wp-content\/gallery\/tanques-de-termozulia\/img_1033.jpg\" title=\" \" class=\"shutterset_set_8\" ><br \/>\n\t\t\t\t\t\t\t\t<img title=\"img_1033\" alt=\"img_1033\" src=\"https:\/\/hafran.com\/portal2\/wp-content\/gallery\/tanques-de-termozulia\/thumbs\/thumbs_img_1033.jpg\" width=\"120\" height=\"90\" \/><br \/>\n\t\t\t\t\t\t\t<\/a>\n\t\t<\/div>\n<\/p><\/div>\n<div id=\"ngg-image-253\" class=\"ngg-gallery-thumbnail-box\"  >\n<div class=\"ngg-gallery-thumbnail\" >\n\t\t\t<a href=\"https:\/\/hafran.com\/portal2\/wp-content\/gallery\/tanques-de-termozulia\/img_1035.jpg\" title=\" \" class=\"shutterset_set_8\" ><br \/>\n\t\t\t\t\t\t\t\t<img title=\"img_1035\" alt=\"img_1035\" src=\"https:\/\/hafran.com\/portal2\/wp-content\/gallery\/tanques-de-termozulia\/thumbs\/thumbs_img_1035.jpg\" width=\"120\" height=\"90\" \/><br \/>\n\t\t\t\t\t\t\t<\/a>\n\t\t<\/div>\n<\/p><\/div>\n<div id=\"ngg-image-254\" class=\"ngg-gallery-thumbnail-box\"  >\n<div class=\"ngg-gallery-thumbnail\" >\n\t\t\t<a href=\"https:\/\/hafran.com\/portal2\/wp-content\/gallery\/tanques-de-termozulia\/img_1041.jpg\" title=\" \" class=\"shutterset_set_8\" ><br \/>\n\t\t\t\t\t\t\t\t<img title=\"img_1041\" alt=\"img_1041\" src=\"https:\/\/hafran.com\/portal2\/wp-content\/gallery\/tanques-de-termozulia\/thumbs\/thumbs_img_1041.jpg\" width=\"120\" height=\"90\" \/><br \/>\n\t\t\t\t\t\t\t<\/a>\n\t\t<\/div>\n<\/p><\/div>\n<div id=\"ngg-image-255\" class=\"ngg-gallery-thumbnail-box\"  >\n<div class=\"ngg-gallery-thumbnail\" >\n\t\t\t<a href=\"https:\/\/hafran.com\/portal2\/wp-content\/gallery\/tanques-de-termozulia\/img_1044.jpg\" title=\" \" class=\"shutterset_set_8\" ><br \/>\n\t\t\t\t\t\t\t\t<img title=\"img_1044\" alt=\"img_1044\" src=\"https:\/\/hafran.com\/portal2\/wp-content\/gallery\/tanques-de-termozulia\/thumbs\/thumbs_img_1044.jpg\" width=\"120\" height=\"90\" \/><br \/>\n\t\t\t\t\t\t\t<\/a>\n\t\t<\/div>\n<\/p><\/div>\n<p>\t<!-- Pagination --><\/p>\n<div class='ngg-navigation'><span class=\"current\">1<\/span><a class=\"page-numbers\" href=\"https:\/\/hafran.com\/portal2\/?page_id=1672&amp;nggpage=2\">2<\/a><a class=\"next\" id=\"ngg-next-2\" href=\"https:\/\/hafran.com\/portal2\/?page_id=1672&amp;nggpage=2\">&#9658;<\/a><\/div>\n<\/div>\n<\/h6>\n<p style=\"text-align: justify;\"><b>\u00a0<\/b><\/p>\n","protected":false},"excerpt":{"rendered":"<p>NOMBRE DEL CONTRATO: TRABAJOS DE IPC TANQUES (COMPONENTE NACIONAL) PARA EL PROYECTO CICLO COMBINADO TERMOZULIA III FECHA: Desde 04\/10\/2010 al\u00a014\/02\/2012 N\u00ba DE CONTRATO: 1259-01-90-R09-ADM-007 CLIENTE: CONSORCIO EIS BREVE\u00a0DESCRIPCI\u00d3N: EL TRABAJO CONSISTE EN LA REALIZACI\u00d3N DE LOS TRABAJOS DE TANQUES DE ALMACENAMIENTO FABRICADOS EN SITIO PARA LA CONSTRUCCI\u00d3N DEL PROYECTO CICLO COMBINADO TERMOZULIA III. LA UBICACI\u00d3N [&hellip;]<\/p>\n","protected":false},"author":1,"featured_media":0,"parent":0,"menu_order":0,"comment_status":"closed","ping_status":"closed","template":"","meta":[],"_links":{"self":[{"href":"https:\/\/hafran.com\/portal2\/index.php?rest_route=\/wp\/v2\/pages\/1672"}],"collection":[{"href":"https:\/\/hafran.com\/portal2\/index.php?rest_route=\/wp\/v2\/pages"}],"about":[{"href":"https:\/\/hafran.com\/portal2\/index.php?rest_route=\/wp\/v2\/types\/page"}],"author":[{"embeddable":true,"href":"https:\/\/hafran.com\/portal2\/index.php?rest_route=\/wp\/v2\/users\/1"}],"replies":[{"embeddable":true,"href":"https:\/\/hafran.com\/portal2\/index.php?rest_route=%2Fwp%2Fv2%2Fcomments&post=1672"}],"version-history":[{"count":19,"href":"https:\/\/hafran.com\/portal2\/index.php?rest_route=\/wp\/v2\/pages\/1672\/revisions"}],"predecessor-version":[{"id":1891,"href":"https:\/\/hafran.com\/portal2\/index.php?rest_route=\/wp\/v2\/pages\/1672\/revisions\/1891"}],"wp:attachment":[{"href":"https:\/\/hafran.com\/portal2\/index.php?rest_route=%2Fwp%2Fv2%2Fmedia&parent=1672"}],"curies":[{"name":"wp","href":"https:\/\/api.w.org\/{rel}","templated":true}]}}