{"id":2127,"date":"2019-08-14T04:05:23","date_gmt":"2019-08-14T04:05:23","guid":{"rendered":"https:\/\/hafran.com\/portal2\/?page_id=2127"},"modified":"2019-08-15T22:51:47","modified_gmt":"2019-08-15T22:51:47","slug":"principal-home-english","status":"publish","type":"page","link":"https:\/\/hafran.com\/portal2\/?lang=en","title":{"rendered":"Principal  &#8211; Home English"},"content":{"rendered":"<div class=\"one_third\"><div class=\"img-frame full-third-short\"><a href=\"http:\/\/google.com\/a\/hafran.com\" target=\"_blank\"><img src='https:\/\/hafran.com\/portal2\/wp-content\/themes\/hafran\/framework\/extended\/timthumb\/timthumb.php?src=http:\/\/hafran.com\/imagenes\/correo_def.jpg&amp;h=124&amp;w=280' alt='Email HAFRAN C.A' width='280' height='124'\/><\/a><\/div>\n<h5>Corporate Email<\/h5>\n<p style=\"text-align: justify;\">Email is for the vast majority of companies a basic tool, on which the productivity of each employee in our company depends largely. Check your corporate email @ hafran.com in the easiest way. Set up your smartphone and receive your emails instantly.<\/p>\n<\/div><div class=\"one_third\"><div class=\"img-frame full-third-short\"><img src='https:\/\/hafran.com\/portal2\/wp-content\/themes\/hafran\/framework\/extended\/timthumb\/timthumb.php?src=http:\/\/hafran.com\/imagenes\/equipos_mini.jpg&amp;h=124&amp;w=280' alt='Equipment HAFRAN SERVICIOS MULTIPLES, C.A' width='280' height='124'\/><\/div>\n<h5>We have the best equipment<\/h5>\n<p style=\"text-align: justify;\">To meet the rigorous demands of our customers, we implement strict equipment maintenance controls, allowing us to respond quickly and fully, and we also have the best equipment to efficiently and eagerly carry out all our projects.<\/p>\n<\/div><div class=\"one_third\"><div class=\"img-frame full-third-short\"><img src='https:\/\/hafran.com\/portal2\/wp-content\/themes\/hafran\/framework\/extended\/timthumb\/timthumb.php?src=https:\/\/hafran.com\/portal2\/wp-content\/uploads\/2013\/04\/equipos_mini.jpg&amp;h=124&amp;w=280' alt='31 Years Hafran' width='280' height='124'\/><\/div>\n<h5><span class=\"tlid-translation translation\" lang=\"en\"><span class=\"\" title=\"\">31 years of Business Leadership in Venezuela.<\/span><\/span><\/h5>\n<p style=\"text-align: justify;\"><span class=\"tlid-translation translation\" lang=\"en\"><span class=\"\" title=\"\">HAFRAN Servicios Multiples, C.A since 1988 being the leading company of Multiple Services in Venezuela, always innovating and growing efficiently and eagerly.<\/span><\/span><\/p>\n<\/div><div class=\"hr hr-dotted\">&nbsp;<\/div>\n<section id=\"home-marketing-blogposts\"><span class=\"section_title\">News<\/span><div class=\"article_preview\">\n<strong><a href=\"https:\/\/hafran.com\/portal2\/?p=2133&lang=en\">Amuay Refinery will modernize chimneys of the Paraguan\u00e1 Refining Center<\/a><\/strong><p>\nThe Amuay Refinery begins a new stage in the process of modernization and strengthening of the operations of the Paragu...<\/p><\/div>\n<div class=\"article_preview\">\n<strong><a href=\"https:\/\/hafran.com\/portal2\/?p=1963\">Refiner\u00eda Amuay modernizar\u00e1 chimeneas del Centro de Refinaci\u00f3n Paraguan\u00e1<\/a><\/strong><p>\r\nLa Refiner\u00eda Amuay inicia una nueva etapa\u00a0dentro del proceso de modernizaci\u00f3n y fortalecimiento de las operaciones...<\/p><\/div>\n<div class=\"article_preview\">\n<strong><a href=\"https:\/\/hafran.com\/portal2\/?p=2158&lang=en\">Dear Partners and Friends<\/a><\/strong><p>\r\n\r\n\r\n\r\n\r\n\r\n\r\nOne of the thoughts that have marked me and has left traces in my whole life, is to think how to get out o...<\/p><\/div>\n<\/section><aside id=\"home-marketing-testimonials\"><span class=\"section_title\">Motivational phrases<\/span><div class=\"testimonials\"><div class=\"testimonial\"><blockquote>\"<span class=\"tlid-translation translation\" lang=\"en\"><span class=\"\" title=\"\">The importance of our company is due to the quality of workers who perform their work impeccably.<\/span><\/span>\"<\/blockquote><strong class=\"client_identity\"><\/strong><\/div><div class=\"testimonial\"><blockquote>\"<span class=\"tlid-translation translation\" lang=\"en\"><span class=\"\" title=\"\">Where there is a successful company, someone once made a brave decision.<\/span><\/span>\"<\/blockquote><strong class=\"client_identity\"><\/strong><\/div><div class=\"testimonial\"><blockquote>\"<span class=\"tlid-translation translation\" lang=\"en\"><span title=\"\">The secret to progress is to start somewhere.<\/span> <span class=\"\" title=\"\">The secret to start somewhere is to fragment your complex and overwhelming tasks in such a way that they become small tasks that you can perform and then simply start with the first one.<\/span><\/span>\" <\/blockquote><strong class=\"client_identity\"><\/strong><\/div><div class=\"testimonial\"><blockquote>\"<span class=\"tlid-translation translation\" lang=\"en\"><span class=\"\" title=\"\">Our reward is in the effort.<\/span> <span class=\"\" title=\"\">Full effort is full victory.<\/span><\/span>\"<\/blockquote><strong class=\"client_identity\"><\/strong><\/div><div class=\"testimonial\"><blockquote>\"<span class=\"tlid-translation translation\" lang=\"en\"><span class=\"\" title=\"\">Giving up is the easiest path and strategy for the weak.<\/span> <span class=\"\" title=\"\">But to insist with constancy, efficiency and eagerness, is the only strategic alternative we have to succeed.<\/span><\/span>\"<\/blockquote><strong class=\"client_identity\"><\/strong><\/div><\/div><\/aside>","protected":false},"excerpt":{"rendered":"","protected":false},"author":1,"featured_media":0,"parent":0,"menu_order":0,"comment_status":"closed","ping_status":"closed","template":"page-template-home-jquery.php","meta":[],"_links":{"self":[{"href":"https:\/\/hafran.com\/portal2\/index.php?rest_route=\/wp\/v2\/pages\/2127"}],"collection":[{"href":"https:\/\/hafran.com\/portal2\/index.php?rest_route=\/wp\/v2\/pages"}],"about":[{"href":"https:\/\/hafran.com\/portal2\/index.php?rest_route=\/wp\/v2\/types\/page"}],"author":[{"embeddable":true,"href":"https:\/\/hafran.com\/portal2\/index.php?rest_route=\/wp\/v2\/users\/1"}],"replies":[{"embeddable":true,"href":"https:\/\/hafran.com\/portal2\/index.php?rest_route=%2Fwp%2Fv2%2Fcomments&post=2127"}],"version-history":[{"count":14,"href":"https:\/\/hafran.com\/portal2\/index.php?rest_route=\/wp\/v2\/pages\/2127\/revisions"}],"predecessor-version":[{"id":2173,"href":"https:\/\/hafran.com\/portal2\/index.php?rest_route=\/wp\/v2\/pages\/2127\/revisions\/2173"}],"wp:attachment":[{"href":"https:\/\/hafran.com\/portal2\/index.php?rest_route=%2Fwp%2Fv2%2Fmedia&parent=2127"}],"curies":[{"name":"wp","href":"https:\/\/api.w.org\/{rel}","templated":true}]}}