{"id":2203,"date":"2019-08-16T18:55:02","date_gmt":"2019-08-16T18:55:02","guid":{"rendered":"https:\/\/hafran.com\/portal2\/?page_id=2203"},"modified":"2019-08-16T20:32:13","modified_gmt":"2019-08-16T20:32:13","slug":"our-work-team","status":"publish","type":"page","link":"https:\/\/hafran.com\/portal2\/?page_id=2203&lang=en","title":{"rendered":"Our Work Team"},"content":{"rendered":"<div class=\"ngg-galleryoverview\" id=\"ngg-gallery-2-2203\">\n<p>\t<!-- Slideshow link --><\/p>\n<div class=\"slideshowlink\">\n\t\t<a class=\"slideshowlink\" href=\"https:\/\/hafran.com\/portal2\/?page_id=2203&amp;lang=en&amp;show=slide\"><br \/>\n\t\t\t[Mostrar como slide]\t\t<\/a>\n\t<\/div>\n<p>\t<!-- Thumbnails --><\/p>\n<div id=\"ngg-image-24\" class=\"ngg-gallery-thumbnail-box\"  >\n<div class=\"ngg-gallery-thumbnail\" >\n\t\t\t<a href=\"https:\/\/hafran.com\/portal2\/wp-content\/gallery\/personal-hafran\/dsc_6091.jpg\" title=\"Nosotros somos una empresa del Grupo HAFRAN que proporcionamos servicios de fabricaci\u00f3n, reparaci\u00f3n y reacondicionamiento de intercambiadores de calor, recipientes a presi\u00f3n, enfriadores atmosf\u00e9ricos, torres de proceso y metalmec\u00e1nica en general, para la industria petrolera y empresas afines.\" class=\"shutterset_set_2\" ><br \/>\n\t\t\t\t\t\t\t\t<img title=\"TALLER COMERCIO\" alt=\"TALLER COMERCIO\" src=\"https:\/\/hafran.com\/portal2\/wp-content\/gallery\/personal-hafran\/thumbs\/thumbs_dsc_6091.jpg\" width=\"445\" height=\"273\" \/><br \/>\n\t\t\t\t\t\t\t<\/a>\n\t\t<\/div>\n<\/p><\/div>\n<div id=\"ngg-image-23\" class=\"ngg-gallery-thumbnail-box\"  >\n<div class=\"ngg-gallery-thumbnail\" >\n\t\t\t<a href=\"https:\/\/hafran.com\/portal2\/wp-content\/gallery\/personal-hafran\/dsc_6055.jpg\" title=\"Somos una empresa del Grupo HAFRAN que ofrece servicios de limpieza en locales, oficinas, \u00e1reas industriales, semi-industriales y no industriales, comerciales de y de cualquier otro tipo.\" class=\"shutterset_set_2\" ><br \/>\n\t\t\t\t\t\t\t\t<img title=\"MULTICLEANING\" alt=\"MULTICLEANING\" src=\"https:\/\/hafran.com\/portal2\/wp-content\/gallery\/personal-hafran\/thumbs\/thumbs_dsc_6055.jpg\" width=\"445\" height=\"273\" \/><br \/>\n\t\t\t\t\t\t\t<\/a>\n\t\t<\/div>\n<\/p><\/div>\n<div id=\"ngg-image-22\" class=\"ngg-gallery-thumbnail-box\"  >\n<div class=\"ngg-gallery-thumbnail\" >\n\t\t\t<a href=\"https:\/\/hafran.com\/portal2\/wp-content\/gallery\/personal-hafran\/dsc_6043.jpg\" title=\"Nuestro equipo realiza las actividades de apoyo y desarrollo durante las diferentes fases en las que se subdividen los proyectos, inclusive en la etapa previa al otorgamiento de los contratos (preparaci\u00f3n de ofertas).\" class=\"shutterset_set_2\" ><br \/>\n\t\t\t\t\t\t\t\t<img title=\"INGENIER\u00cdA\" alt=\"INGENIER\u00cdA\" src=\"https:\/\/hafran.com\/portal2\/wp-content\/gallery\/personal-hafran\/thumbs\/thumbs_dsc_6043.jpg\" width=\"445\" height=\"273\" \/><br \/>\n\t\t\t\t\t\t\t<\/a>\n\t\t<\/div>\n<\/p><\/div>\n<div id=\"ngg-image-21\" class=\"ngg-gallery-thumbnail-box\"  >\n<div class=\"ngg-gallery-thumbnail\" >\n\t\t\t<a href=\"https:\/\/hafran.com\/portal2\/wp-content\/gallery\/personal-hafran\/dsc_6037.jpg\" title=\"Somos un equipo que provee los recursos financieros necesarios en HAFRAN Servicios M\u00faltiples, C.A,. para la ejecuci\u00f3n de las actividades internas de la organizaci\u00f3n y aquellas necesarias para el desarrollo de los proyectos y obras de mantenimiento.\" class=\"shutterset_set_2\" ><br \/>\n\t\t\t\t\t\t\t\t<img title=\"FINANCIEROS\" alt=\"FINANCIEROS\" src=\"https:\/\/hafran.com\/portal2\/wp-content\/gallery\/personal-hafran\/thumbs\/thumbs_dsc_6037.jpg\" width=\"445\" height=\"273\" \/><br \/>\n\t\t\t\t\t\t\t<\/a>\n\t\t<\/div>\n<\/p><\/div>\n<div id=\"ngg-image-20\" class=\"ngg-gallery-thumbnail-box\"  >\n<div class=\"ngg-gallery-thumbnail\" >\n\t\t\t<a href=\"https:\/\/hafran.com\/portal2\/wp-content\/gallery\/personal-hafran\/dsc_6013.jpg\" title=\"Nos encargamos de ejecutar todas las actividades inherentes a los proyectos y obras de mantenimiento cumpliendo con los par\u00e1metros de calidad, seguridad y productividad establecidos con los clientes internos y externos de la organizaci\u00f3n.\" class=\"shutterset_set_2\" ><br \/>\n\t\t\t\t\t\t\t\t<img title=\"CONSTRUCCI\u00d3N\" alt=\"CONSTRUCCI\u00d3N\" src=\"https:\/\/hafran.com\/portal2\/wp-content\/gallery\/personal-hafran\/thumbs\/thumbs_dsc_6013.jpg\" width=\"445\" height=\"273\" \/><br \/>\n\t\t\t\t\t\t\t<\/a>\n\t\t<\/div>\n<\/p><\/div>\n<div id=\"ngg-image-17\" class=\"ngg-gallery-thumbnail-box\"  >\n<div class=\"ngg-gallery-thumbnail\" >\n\t\t\t<a href=\"https:\/\/hafran.com\/portal2\/wp-content\/gallery\/personal-hafran\/dsc_5936.jpg\" title=\"Nosotros establecemos y hacemos cumplir los programa de seguridad, higiene y ambiente a trav\u00e9s de una asignaci\u00f3n afectiva de responsabilidades y manejo de recursos, con una organizaci\u00f3n acorde a cada proyecto que se ejecute\" class=\"shutterset_set_2\" ><br \/>\n\t\t\t\t\t\t\t\t<img title=\"SEGURIDAD\" alt=\"SEGURIDAD\" src=\"https:\/\/hafran.com\/portal2\/wp-content\/gallery\/personal-hafran\/thumbs\/thumbs_dsc_5936.jpg\" width=\"445\" height=\"273\" \/><br \/>\n\t\t\t\t\t\t\t<\/a>\n\t\t<\/div>\n<\/p><\/div>\n<div id=\"ngg-image-16\" class=\"ngg-gallery-thumbnail-box\"  >\n<div class=\"ngg-gallery-thumbnail\" >\n\t\t\t<a href=\"https:\/\/hafran.com\/portal2\/wp-content\/gallery\/personal-hafran\/dsc_5902.jpg\" title=\"Nos encargamos de la elaboraci\u00f3n de las actividades relacionadas con planes de trabajo (cronograma de ejecuci\u00f3n, histogramas de recursos, estrategias de construcci\u00f3n) tanto en la fase de an\u00e1lisis de ofertas, como en la etapa propia de ejecuci\u00f3n de proyectos.\" class=\"shutterset_set_2\" ><br \/>\n\t\t\t\t\t\t\t\t<img title=\"PLANIFICACI\u00d3N\" alt=\"PLANIFICACI\u00d3N\" src=\"https:\/\/hafran.com\/portal2\/wp-content\/gallery\/personal-hafran\/thumbs\/thumbs_dsc_5902.jpg\" width=\"445\" height=\"273\" \/><br \/>\n\t\t\t\t\t\t\t<\/a>\n\t\t<\/div>\n<\/p><\/div>\n<div id=\"ngg-image-14\" class=\"ngg-gallery-thumbnail-box\"  >\n<div class=\"ngg-gallery-thumbnail\" >\n\t\t\t<a href=\"https:\/\/hafran.com\/portal2\/wp-content\/gallery\/personal-hafran\/dsc_5878.jpg\" title=\"Somos los responsables de asesorar y asistir a las diferentes unidades que conforman la organizaci\u00f3n para mantener sus procesos enmarcados en la legislaci\u00f3n y normativa vigente del pa\u00eds.\" class=\"shutterset_set_2\" ><br \/>\n\t\t\t\t\t\t\t\t<img title=\"JUR\u00cdDICO\" alt=\"JUR\u00cdDICO\" src=\"https:\/\/hafran.com\/portal2\/wp-content\/gallery\/personal-hafran\/thumbs\/thumbs_dsc_5878.jpg\" width=\"445\" height=\"273\" \/><br \/>\n\t\t\t\t\t\t\t<\/a>\n\t\t<\/div>\n<\/p><\/div>\n<div id=\"ngg-image-15\" class=\"ngg-gallery-thumbnail-box\"  >\n<div class=\"ngg-gallery-thumbnail\" >\n\t\t\t<a href=\"https:\/\/hafran.com\/portal2\/wp-content\/gallery\/personal-hafran\/dsc_5895.jpg\" title=\"Realizamos el reclutamiento, selecci\u00f3n, remuneraci\u00f3n y capacitaci\u00f3n del talento humano de la empresa HAFRAN Servicios M\u00faltiples C.A., suministrando el personal mas competente, satisfecho y motivado con los objetivos y misi\u00f3n de la empresa.\" class=\"shutterset_set_2\" ><br \/>\n\t\t\t\t\t\t\t\t<img title=\"CAPITAL HUMANO\" alt=\"CAPITAL HUMANO\" src=\"https:\/\/hafran.com\/portal2\/wp-content\/gallery\/personal-hafran\/thumbs\/thumbs_dsc_5895.jpg\" width=\"445\" height=\"273\" \/><br \/>\n\t\t\t\t\t\t\t<\/a>\n\t\t<\/div>\n<\/p><\/div>\n<div id=\"ngg-image-19\" class=\"ngg-gallery-thumbnail-box\"  >\n<div class=\"ngg-gallery-thumbnail\" >\n\t\t\t<a href=\"https:\/\/hafran.com\/portal2\/wp-content\/gallery\/personal-hafran\/dsc_5962.jpg\" title=\"Somos un equipo de trabajo que se encarga de la captaci\u00f3n, elaboraci\u00f3n de ofertas t\u00e9cnicas-econ\u00f3micas, negociaci\u00f3n con el cliente y gesti\u00f3n de todos los documentos necesarios para la firma del contrato, administraci\u00f3n de las distintas obras, proyectos y servicios de la empresa en el sector petrolero.\" class=\"shutterset_set_2\" ><br \/>\n\t\t\t\t\t\t\t\t<img title=\"CONTRATACIONES\" alt=\"CONTRATACIONES\" src=\"https:\/\/hafran.com\/portal2\/wp-content\/gallery\/personal-hafran\/thumbs\/thumbs_dsc_5962.jpg\" width=\"445\" height=\"273\" \/><br \/>\n\t\t\t\t\t\t\t<\/a>\n\t\t<\/div>\n<\/p><\/div>\n<div id=\"ngg-image-18\" class=\"ngg-gallery-thumbnail-box\"  >\n<div class=\"ngg-gallery-thumbnail\" >\n\t\t\t<a href=\"https:\/\/hafran.com\/portal2\/wp-content\/gallery\/personal-hafran\/dsc_5954.jpg\" title=\"Nos encargamos de velar por el cumplimiento de las normas y procedimientos establecidos para la prestaci\u00f3n del servicio, los cuales garantizan la satisfacci\u00f3n de nuestros clientes tanto internos como externos.\" class=\"shutterset_set_2\" ><br \/>\n\t\t\t\t\t\t\t\t<img title=\"QA\/QC\" alt=\"QA\/QC\" src=\"https:\/\/hafran.com\/portal2\/wp-content\/gallery\/personal-hafran\/thumbs\/thumbs_dsc_5954.jpg\" width=\"445\" height=\"273\" \/><br \/>\n\t\t\t\t\t\t\t<\/a>\n\t\t<\/div>\n<\/p><\/div>\n<div id=\"ngg-image-13\" class=\"ngg-gallery-thumbnail-box\"  >\n<div class=\"ngg-gallery-thumbnail\" >\n\t\t\t<a href=\"https:\/\/hafran.com\/portal2\/wp-content\/gallery\/personal-hafran\/dsc_5849.jpg\" title=\"Somos un equipo que proporciona Servicios de Log\u00edstica Integral para satisfacer las necesidades de nuestros clientes (externos\/internos) suministrando soluciones que garanticen la continuidad, confiabilidad y la optimizaci\u00f3n de recursos en la ejecuci\u00f3n de los proyectos.\" class=\"shutterset_set_2\" ><br \/>\n\t\t\t\t\t\t\t\t<img title=\"SERVICIOS LOGISTICOS\" alt=\"SERVICIOS LOGISTICOS\" src=\"https:\/\/hafran.com\/portal2\/wp-content\/gallery\/personal-hafran\/thumbs\/thumbs_dsc_5849.jpg\" width=\"445\" height=\"273\" \/><br \/>\n\t\t\t\t\t\t\t<\/a>\n\t\t<\/div>\n<\/p><\/div>\n<p>\t<!-- Pagination --><\/p>\n<div class='ngg-clear'><\/div>\n<\/div>\n","protected":false},"excerpt":{"rendered":"","protected":false},"author":1,"featured_media":0,"parent":0,"menu_order":0,"comment_status":"closed","ping_status":"closed","template":"","meta":[],"_links":{"self":[{"href":"https:\/\/hafran.com\/portal2\/index.php?rest_route=\/wp\/v2\/pages\/2203"}],"collection":[{"href":"https:\/\/hafran.com\/portal2\/index.php?rest_route=\/wp\/v2\/pages"}],"about":[{"href":"https:\/\/hafran.com\/portal2\/index.php?rest_route=\/wp\/v2\/types\/page"}],"author":[{"embeddable":true,"href":"https:\/\/hafran.com\/portal2\/index.php?rest_route=\/wp\/v2\/users\/1"}],"replies":[{"embeddable":true,"href":"https:\/\/hafran.com\/portal2\/index.php?rest_route=%2Fwp%2Fv2%2Fcomments&post=2203"}],"version-history":[{"count":2,"href":"https:\/\/hafran.com\/portal2\/index.php?rest_route=\/wp\/v2\/pages\/2203\/revisions"}],"predecessor-version":[{"id":2235,"href":"https:\/\/hafran.com\/portal2\/index.php?rest_route=\/wp\/v2\/pages\/2203\/revisions\/2235"}],"wp:attachment":[{"href":"https:\/\/hafran.com\/portal2\/index.php?rest_route=%2Fwp%2Fv2%2Fmedia&parent=2203"}],"curies":[{"name":"wp","href":"https:\/\/api.w.org\/{rel}","templated":true}]}}